{"id":206,"date":"2023-02-18T14:11:03","date_gmt":"2023-02-18T20:11:03","guid":{"rendered":"https:\/\/ageshn.org\/?page_id=206"},"modified":"2024-07-18T16:25:13","modified_gmt":"2024-07-18T22:25:13","slug":"atybm","status":"publish","type":"page","link":"https:\/\/ageshn.org\/en\/atybm\/","title":{"rendered":"TC&amp;ML"},"content":{"rendered":"<div class=\"section-wrapper\" data-id=\"DBtl6A\"><section class=\"wp-block-gutenverse-section guten-element guten-section guten-DBtl6A layout-fullwidth align-stretch\"><div class=\"guten-background-overlay\"><\/div><div class=\"guten-shape-divider guten-shape-divider-top\"><\/div><div class=\"guten-shape-divider guten-shape-divider-bottom\"><\/div><div class=\"guten-container guten-column-gap-wide\">\n<div class=\"wp-block-gutenverse-column guten-element guten-column guten-ADAqSy\"><div class=\"guten-background-overlay\"><\/div><div class=\"sticky-wrapper\" data-id=\"ADAqSy\"><div class=\"guten-column-wrapper\">\n<div class=\"wp-block-group is-vertical is-content-justification-center is-layout-flex wp-container-core-group-is-layout-1 wp-block-group-is-layout-flex\">\n<div class=\"wp-block-gutenverse-image guten-element guten-image guten-xjHbYn\"><a class=\"guten-image-wrapper\" href=\"\/en\/\"><img loading=\"lazy\" decoding=\"async\" class=\"gutenverse-image-box-filled\" src=\"http:\/\/ageshn.org\/wp-content\/uploads\/2023\/03\/imagotipo_700.png\" height=\"795\" width=\"700\"\/><\/a><\/div>\n\n\n\n<h1 class=\"wp-block-gutenverse-heading guten-element guten-GC9KkG translation-block\">Technological Classroom and Mobile Library<\/h1>\n<\/div>\n<\/div><\/div><\/div>\n<\/div><\/section><\/div>\n\n\n\n<div class=\"section-wrapper\" data-id=\"T8Z3Q1\"><section class=\"wp-block-gutenverse-section guten-element guten-section guten-T8Z3Q1 layout-boxed align-stretch overflow-hidden\"><div class=\"guten-background-overlay\"><\/div><div class=\"guten-shape-divider guten-shape-divider-top\"><\/div><div class=\"guten-shape-divider guten-shape-divider-bottom\"><\/div><div class=\"guten-container guten-column-gap-no\">\n<div class=\"wp-block-gutenverse-column guten-element guten-column guten-DBAsle\"><div class=\"guten-background-overlay\"><\/div><div class=\"sticky-wrapper\" data-id=\"DBAsle\"><div class=\"guten-column-wrapper\">\n<div class=\"wp-block-group is-content-justification-center is-layout-constrained wp-container-core-group-is-layout-2 wp-block-group-is-layout-constrained\">\n<div class=\"guten-element guten-spacer guten-M8sPaN\"><\/div>\n\n\n\n<p class=\"has-text-align-justify has-zeever-third-color has-text-color has-normal-font-size\" style=\"padding-top:var(--wp--preset--spacing--40);padding-right:var(--wp--preset--spacing--40);padding-bottom:var(--wp--preset--spacing--40);padding-left:var(--wp--preset--spacing--40)\">The Technological Classroom and Mobile Library project organizes a physical space equipped with furniture, computers, smart TV, printers, internet connection of good capacity, books and other educational resources that allow structuring courses, workshops and recreational activities to work with children ages 4 to 18 years (age of the three levels of the Honduran education sector) to strengthen the knowledge provided in schools and acquire new skills in 5 key areas: reading and writing, mathematics, technology, languages and art \/ sports. This training is focused on improving the children's skills so that they have better job opportunities when they join the Economically Active Population (EAP).<\/p>\n<\/div>\n\n\n\n<div class=\"wp-block-group is-layout-constrained wp-container-core-group-is-layout-3 wp-block-group-is-layout-constrained\">\n<div class=\"guten-element guten-spacer guten-eK3TXy\"><\/div>\n\n\n\n<h2 class=\"has-text-align-center has-custom-ages-verde-2-color has-text-color wp-block-heading\" style=\"text-transform:uppercase\">Sustainable Development Goals and Objectives<\/h2>\n\n\n\n<div class=\"guten-element guten-client-logo grid-desktop-3 guten-TpV0sB arrow-bottom-edge\"><div class=\"client-list\"><div id=\"guten-TpV0sB\" class=\"swiper-container\" data-loop=\"false\" data-autoplay=\"true\" data-timeout=\"2400\" data-nav=\"false\" data-arrow=\"true\" data-breakpoints=\"{&quot;0&quot;:{&quot;spaceBetween&quot;:10,&quot;slidesPerView&quot;:2},&quot;768&quot;:{&quot;spaceBetween&quot;:10,&quot;slidesPerView&quot;:2},&quot;1024&quot;:{&quot;spaceBetween&quot;:9,&quot;slidesPerView&quot;:1}}\"><div class=\"swiper-wrapper\"><div class=\"swiper-slide image-list\"><div class=\"content-image\"><img decoding=\"async\" class=\"main-image\" src=\"http:\/\/ageshn.org\/wp-content\/uploads\/2023\/03\/S-WEB-Goal-01.png\" alt=\"ODS 1\"\/><img decoding=\"async\" class=\"hover-image\" src=\"http:\/\/ageshn.org\/wp-content\/uploads\/2023\/03\/S-WEB-Goal-01.png\" alt=\"ODS 1\"\/><\/div><\/div><div class=\"swiper-slide image-list\"><div class=\"content-image\"><img decoding=\"async\" class=\"main-image\" src=\"http:\/\/ageshn.org\/wp-content\/uploads\/2023\/03\/S-WEB-Goal-03.png\" alt=\"ODS 3\"\/><img decoding=\"async\" class=\"hover-image\" src=\"http:\/\/ageshn.org\/wp-content\/uploads\/2023\/03\/S-WEB-Goal-03.png\" alt=\"ODS 3\"\/><\/div><\/div><div class=\"swiper-slide image-list\"><div class=\"content-image\"><img decoding=\"async\" class=\"main-image\" src=\"http:\/\/ageshn.org\/wp-content\/uploads\/2023\/03\/S-WEB-Goal-04.png\" alt=\"ODS 4\"\/><img decoding=\"async\" class=\"hover-image\" src=\"http:\/\/ageshn.org\/wp-content\/uploads\/2023\/03\/S-WEB-Goal-04.png\" alt=\"ODS 4\"\/><\/div><\/div><div class=\"swiper-slide image-list\"><div class=\"content-image\"><img decoding=\"async\" class=\"main-image\" src=\"http:\/\/ageshn.org\/wp-content\/uploads\/2023\/03\/S-WEB-Goal-05.png\" alt=\"ODS 5\"\/><img decoding=\"async\" class=\"hover-image\" src=\"http:\/\/ageshn.org\/wp-content\/uploads\/2023\/03\/S-WEB-Goal-05.png\" alt=\"ODS 5\"\/><\/div><\/div><div class=\"swiper-slide image-list\"><div class=\"content-image\"><img decoding=\"async\" class=\"main-image\" src=\"http:\/\/ageshn.org\/wp-content\/uploads\/2023\/03\/S-WEB-Goal-08.png\" alt=\"ODS 8\"\/><img decoding=\"async\" class=\"hover-image\" src=\"http:\/\/ageshn.org\/wp-content\/uploads\/2023\/03\/S-WEB-Goal-08.png\" alt=\"ODS 8\"\/><\/div><\/div><div class=\"swiper-slide image-list\"><div class=\"content-image\"><img decoding=\"async\" class=\"main-image\" src=\"http:\/\/ageshn.org\/wp-content\/uploads\/2023\/03\/S-WEB-Goal-10.png\" alt=\"ODS 10\"\/><img decoding=\"async\" class=\"hover-image\" src=\"http:\/\/ageshn.org\/wp-content\/uploads\/2023\/03\/S-WEB-Goal-10.png\" alt=\"ODS 10\"\/><\/div><\/div><\/div><div class=\"swiper-button-prev\"><\/div><div class=\"swiper-button-next\"><\/div><\/div><\/div><\/div>\n<\/div>\n\n\n\n<div class=\"guten-element guten-spacer guten-BceBwo\"><\/div>\n\n\n\n<div class=\"wp-block-group is-layout-constrained wp-container-core-group-is-layout-4 wp-block-group-is-layout-constrained\">\n<div class=\"guten-element guten-spacer guten-dyLBjy\"><\/div>\n\n\n\n<h2 class=\"wp-block-heading has-text-align-center has-custom-ages-verde-1-color has-text-color\" style=\"text-transform:uppercase\">What kind of child do we aspire to have\/form in the project?<\/h2>\n\n\n\n<p class=\"has-text-align-justify has-zeever-third-color has-text-color has-normal-font-size\" style=\"padding-top:var(--wp--preset--spacing--40);padding-right:var(--wp--preset--spacing--40);padding-bottom:var(--wp--preset--spacing--40);padding-left:var(--wp--preset--spacing--40)\"><strong><em>We aspire to form a Honduran child with critical thinking and the necessary skills to be a citizen of the world in the XXI Century and to be a reference in any part of the world where he\/she decides to live and actively collaborate in the construction of a just, equitable and resilient society.<\/em><\/strong><\/p>\n<\/div>\n\n\n\n<div class=\"wp-block-group is-layout-constrained wp-container-core-group-is-layout-5 wp-block-group-is-layout-constrained\">\n<div class=\"guten-element guten-spacer guten-4wVfih\"><\/div>\n\n\n\n<h2 class=\"wp-block-heading has-text-align-center has-custom-ages-verde-1-color has-text-color\" style=\"text-transform:uppercase\">General objective<\/h2>\n\n\n\n<p class=\"has-text-align-justify has-zeever-third-color has-text-color has-normal-font-size\" style=\"padding-top:var(--wp--preset--spacing--40);padding-right:var(--wp--preset--spacing--40);padding-bottom:var(--wp--preset--spacing--40);padding-left:var(--wp--preset--spacing--40)\">Establish a physical space with technological equipment (computers, audio\/video, internet, etc.) where beneficiary children have access to complementary training in the areas of literacy, mathematics, technology, languages, art\/sports, critical thinking and values. In this way helping the children to improve their skills in order to have better job options for when they join the EAP.<\/p>\n<\/div>\n\n\n\n<div class=\"wp-block-group is-layout-constrained wp-container-core-group-is-layout-6 wp-block-group-is-layout-constrained\">\n<div class=\"guten-element guten-spacer guten-oVt6ge\"><\/div>\n\n\n\n<div class=\"guten-element guten-spacer guten-6TdSpx\"><\/div>\n\n\n\n<h2 class=\"wp-block-heading has-text-align-center has-custom-ages-verde-1-color has-text-color\" style=\"text-transform:uppercase\">Specific objectives<\/h2>\n\n\n\n<p class=\"has-text-align-justify has-normal-font-size\" style=\"padding-top:var(--wp--preset--spacing--40);padding-right:var(--wp--preset--spacing--40);padding-bottom:var(--wp--preset--spacing--40);padding-left:var(--wp--preset--spacing--40)\">1. Make arrangements and strategic alliances to close 2023 with at least 15 computers, 2 printers, audio and video equipment, two bookshelves, 350 books and material to teach courses, workshops and other training activities.<\/p>\n\n\n\n<p class=\"has-text-align-justify has-normal-font-size\" style=\"padding-top:var(--wp--preset--spacing--40);padding-right:var(--wp--preset--spacing--40);padding-bottom:var(--wp--preset--spacing--40);padding-left:var(--wp--preset--spacing--40)\">2. Build a solid network of volunteers composed of at least 10 professionals with different skills for the structuring of tutoring, courses, computer workshops and other recreational activities for the training of children.<\/p>\n\n\n\n<p class=\"has-text-align-justify has-normal-font-size\" style=\"padding-top:var(--wp--preset--spacing--40);padding-right:var(--wp--preset--spacing--40);padding-bottom:var(--wp--preset--spacing--40);padding-left:var(--wp--preset--spacing--40)\">3. Generate strategic alliances with companies (through a membership plan) that are willing to invest in improving the educational process of Honduran children.<\/p>\n\n\n\n<p class=\"has-text-align-justify has-normal-font-size\" style=\"padding-top:var(--wp--preset--spacing--40);padding-right:var(--wp--preset--spacing--40);padding-bottom:var(--wp--preset--spacing--40);padding-left:var(--wp--preset--spacing--40)\">4. Establish the structure of courses, workshops and tutorials to define the groups of children by age and thus strengthen the skills of reading, writing, comprehension, critical thinking, mathematics and introduction to the different technological areas developed worldwide.<\/p>\n\n\n\n<p class=\"has-text-align-justify has-normal-font-size\" style=\"padding-top:var(--wp--preset--spacing--40);padding-right:var(--wp--preset--spacing--40);padding-bottom:var(--wp--preset--spacing--40);padding-left:var(--wp--preset--spacing--40)\">5. To build the habit of reading in the beneficiary children, with the goal of reading one book per month and to generate spaces for understanding and critical discussion, with the objective of strengthening reading and writing skills, comprehension, dialogue and other related skills.<\/p>\n<\/div>\n\n\n\n<div class=\"wp-block-group is-layout-constrained wp-container-core-group-is-layout-7 wp-block-group-is-layout-constrained\">\n<div class=\"guten-element guten-spacer guten-3EFQAm\"><\/div>\n\n\n\n<h2 class=\"wp-block-heading has-text-align-center has-custom-ages-verde-1-color has-text-color\" style=\"text-transform:uppercase\">our work in pictures<\/h2>\n\n\n\n<div class=\"guten-element guten-client-logo grid-desktop-3 guten-hZBm47 arrow-bottom-edge\"><div class=\"client-list\"><div id=\"guten-hZBm47\" class=\"swiper-container\" data-loop=\"false\" data-autoplay=\"true\" data-timeout=\"2400\" data-nav=\"false\" data-arrow=\"true\" data-breakpoints=\"{&quot;0&quot;:{&quot;spaceBetween&quot;:10,&quot;slidesPerView&quot;:2},&quot;768&quot;:{&quot;spaceBetween&quot;:10,&quot;slidesPerView&quot;:2},&quot;1024&quot;:{&quot;spaceBetween&quot;:8,&quot;slidesPerView&quot;:1}}\"><div class=\"swiper-wrapper\"><div class=\"swiper-slide image-list\"><div class=\"content-image\"><img decoding=\"async\" class=\"main-image\" src=\"http:\/\/ageshn.org\/wp-content\/uploads\/2023\/02\/IMG_2135-scaled.jpg\" alt=\"Foto AGES 1\"\/><img decoding=\"async\" class=\"hover-image\" src=\"http:\/\/ageshn.org\/wp-content\/uploads\/2023\/02\/IMG_2135-scaled.jpg\" alt=\"Foto AGES 1\"\/><\/div><\/div><div class=\"swiper-slide image-list\"><div class=\"content-image\"><img decoding=\"async\" class=\"main-image\" src=\"http:\/\/ageshn.org\/wp-content\/uploads\/2023\/02\/IMG_2082-scaled.jpg\" alt=\"Foto AGES 2\"\/><img decoding=\"async\" class=\"hover-image\" src=\"http:\/\/ageshn.org\/wp-content\/uploads\/2023\/02\/IMG_2082-scaled.jpg\" alt=\"Foto AGES 2\"\/><\/div><\/div><div class=\"swiper-slide image-list\"><div class=\"content-image\"><img decoding=\"async\" class=\"main-image\" src=\"http:\/\/ageshn.org\/wp-content\/uploads\/2023\/02\/IMG_2106-scaled.jpg\" alt=\"Foto AGES 3\"\/><img decoding=\"async\" class=\"hover-image\" src=\"http:\/\/ageshn.org\/wp-content\/uploads\/2023\/02\/IMG_2106-scaled.jpg\" alt=\"Foto AGES 3\"\/><\/div><\/div><div class=\"swiper-slide image-list\"><div class=\"content-image\"><img decoding=\"async\" class=\"main-image\" src=\"http:\/\/ageshn.org\/wp-content\/uploads\/2023\/03\/IMG_8184-scaled.jpg\" alt=\"Foto AGES 4\"\/><img decoding=\"async\" class=\"hover-image\" src=\"http:\/\/ageshn.org\/wp-content\/uploads\/2023\/03\/IMG_8184-scaled.jpg\" alt=\"Foto AGES 4\"\/><\/div><\/div><div class=\"swiper-slide image-list\"><div class=\"content-image\"><img decoding=\"async\" class=\"main-image\" src=\"http:\/\/ageshn.org\/wp-content\/uploads\/2023\/03\/IMG_9315-scaled.jpg\" alt=\"Foto AGES 5\"\/><img decoding=\"async\" class=\"hover-image\" src=\"http:\/\/ageshn.org\/wp-content\/uploads\/2023\/03\/IMG_9315-scaled.jpg\" alt=\"Foto AGES 5\"\/><\/div><\/div><div class=\"swiper-slide image-list\"><div class=\"content-image\"><img decoding=\"async\" class=\"main-image\" src=\"http:\/\/ageshn.org\/wp-content\/uploads\/2023\/03\/IMG_2566-scaled.jpg\" alt=\"Foto AGES6\"\/><img decoding=\"async\" class=\"hover-image\" src=\"http:\/\/ageshn.org\/wp-content\/uploads\/2023\/03\/IMG_2566-scaled.jpg\" alt=\"Foto AGES6\"\/><\/div><\/div><\/div><div class=\"swiper-button-prev\"><\/div><div class=\"swiper-button-next\"><\/div><\/div><\/div><\/div>\n<\/div>\n<\/div><\/div><\/div>\n<\/div><\/section><\/div>\n\n\n\n<div class=\"wp-block-group is-layout-constrained wp-container-core-group-is-layout-8 wp-block-group-is-layout-constrained\">\n<div class=\"guten-element guten-spacer guten-PkbQWh\"><\/div>\n\n\n\n<h2 class=\"wp-block-heading has-text-align-center has-custom-ages-verde-1-color has-text-color\" style=\"text-transform:uppercase\">What we do?<\/h2>\n\n\n\n<p class=\"has-text-align-justify has-normal-font-size\" style=\"padding-top:var(--wp--preset--spacing--40);padding-right:var(--wp--preset--spacing--40);padding-bottom:var(--wp--preset--spacing--40);padding-left:var(--wp--preset--spacing--40)\">El proyecto del aula tecnol\u00f3gica y biblioteca m\u00f3vil se inaugur\u00f3 en agosto del 2022 y se han atendido a 48 ni\u00f1os; hicimos un diagn\u00f3stico de las habilidades b\u00e1sicas de lecto-escritura para estructurar el plan de trabajo para el a\u00f1o 2023.<br>En este momento disponemos de 10 computadoras, televisor inteligente, 6 membrec\u00edas de Platzi para la formaci\u00f3n en tecnolog\u00eda para ni\u00f1os de 13 a 19 a\u00f1os, 50 libros y otros recursos l\u00fadicos y \u00fatiles escolares que nos permiten impartir los cursos dentro del aula tecnol\u00f3gica. Adem\u00e1s los ni\u00f1os reciben merienda escolar cada d\u00eda que asisten al aula tecnol\u00f3gica.<\/p>\n<\/div>\n\n\n\n<div class=\"wp-block-group is-content-justification-center is-layout-constrained wp-container-core-group-is-layout-9 wp-block-group-is-layout-constrained\">\n<div class=\"guten-element guten-spacer guten-UDUbda\"><\/div>\n\n\n\n<h1 class=\"wp-block-heading has-text-align-center has-luminous-vivid-amber-color has-text-color\" style=\"text-transform:uppercase\">Support this project<\/h1>\n\n\n\n<h2 class=\"wp-block-heading has-text-align-center has-custom-ages-verde-1-color has-text-color\" style=\"text-transform:uppercase\">How can you help?<\/h2>\n\n\n\n<div class=\"wp-block-buttons is-content-justification-center is-layout-flex wp-container-core-buttons-is-layout-1 wp-block-buttons-is-layout-flex\">\n<div class=\"wp-block-button has-custom-width wp-block-button__width-50 is-style-fill\" style=\"text-transform:uppercase\"><a class=\"wp-block-button__link has-zeever-primary-color has-bzr-tr-t-background-color has-text-color has-background wp-element-button\" href=\"https:\/\/yomeuno.com\/honduras\/organizaciones\/asociacion-gozo-y-esperanza-ages\" style=\"border-radius:0px\" rel=\"https:\/\/yomeuno.com\/honduras\/organizaciones\/ongd-asociacion-gozo-y-esperanza-ages\">Donate<\/a><\/div>\n<\/div>\n\n\n\n<div class=\"guten-element guten-spacer guten-FRUaTo\"><\/div>\n<\/div>","protected":false},"excerpt":{"rendered":"<p>\u00bfQu\u00e9 hacemos? El proyecto del aula tecnol\u00f3gica y biblioteca m\u00f3vil se inaugur\u00f3 en agosto del 2022 y se han atendido a 48 ni\u00f1os; hicimos un diagn\u00f3stico de las habilidades b\u00e1sicas de lecto-escritura para estructurar el plan de trabajo para el a\u00f1o 2023.En este momento disponemos de 10 computadoras, televisor inteligente, 6 membrec\u00edas de Platzi para la formaci\u00f3n en tecnolog\u00eda para ni\u00f1os de 13 a 19 a\u00f1os, 50 libros y otros recursos l\u00fadicos y \u00fatiles escolares que nos permiten impartir los cursos dentro del aula tecnol\u00f3gica. Adem\u00e1s los ni\u00f1os reciben merienda escolar cada d\u00eda que asisten al aula tecnol\u00f3gica. Apoya este<\/p>","protected":false},"author":1,"featured_media":0,"parent":0,"menu_order":0,"comment_status":"closed","ping_status":"closed","template":"wp-custom-template-inixio","meta":{"footnotes":""},"class_list":["post-206","page","type-page","status-publish","hentry"],"jetpack_sharing_enabled":true,"_links":{"self":[{"href":"https:\/\/ageshn.org\/en\/wp-json\/wp\/v2\/pages\/206"}],"collection":[{"href":"https:\/\/ageshn.org\/en\/wp-json\/wp\/v2\/pages"}],"about":[{"href":"https:\/\/ageshn.org\/en\/wp-json\/wp\/v2\/types\/page"}],"author":[{"embeddable":true,"href":"https:\/\/ageshn.org\/en\/wp-json\/wp\/v2\/users\/1"}],"replies":[{"embeddable":true,"href":"https:\/\/ageshn.org\/en\/wp-json\/wp\/v2\/comments?post=206"}],"version-history":[{"count":53,"href":"https:\/\/ageshn.org\/en\/wp-json\/wp\/v2\/pages\/206\/revisions"}],"predecessor-version":[{"id":1126,"href":"https:\/\/ageshn.org\/en\/wp-json\/wp\/v2\/pages\/206\/revisions\/1126"}],"wp:attachment":[{"href":"https:\/\/ageshn.org\/en\/wp-json\/wp\/v2\/media?parent=206"}],"curies":[{"name":"wp","href":"https:\/\/api.w.org\/{rel}","templated":true}]}}