{"id":129,"date":"2023-02-17T17:12:38","date_gmt":"2023-02-17T23:12:38","guid":{"rendered":"https:\/\/ageshn.org\/?page_id=129"},"modified":"2024-07-18T16:25:50","modified_gmt":"2024-07-18T22:25:50","slug":"paeh","status":"publish","type":"page","link":"https:\/\/ageshn.org\/en\/paeh\/","title":{"rendered":"EHCSP"},"content":{"rendered":"<div class=\"section-wrapper\" data-id=\"5MFAMw\"><section class=\"wp-block-gutenverse-section guten-element guten-section guten-5MFAMw layout-fullwidth align-stretch overflow-hidden\"><div class=\"guten-background-overlay\"><\/div><div class=\"guten-shape-divider guten-shape-divider-top\"><\/div><div class=\"guten-shape-divider guten-shape-divider-bottom\"><\/div><div class=\"guten-container guten-column-gap-wide\">\n<div class=\"wp-block-gutenverse-column guten-element guten-column guten-vEYFFX\"><div class=\"guten-background-overlay\"><\/div><div class=\"sticky-wrapper\" data-id=\"vEYFFX\"><div class=\"guten-column-wrapper\">\n<div class=\"wp-block-group is-vertical is-content-justification-center is-layout-flex wp-container-core-group-is-layout-1 wp-block-group-is-layout-flex\">\n<div class=\"wp-block-gutenverse-image guten-element guten-image guten-VbRdAC\"><a class=\"guten-image-wrapper\" href=\"\/en\/\"><img loading=\"lazy\" decoding=\"async\" class=\"gutenverse-image-box-filled\" src=\"http:\/\/ageshn.org\/wp-content\/uploads\/2023\/03\/imagotipo_700.png\" height=\"795\" width=\"700\"\/><\/a><\/div>\n\n\n\n<h1 class=\"wp-block-gutenverse-heading guten-element guten-ecHyyw translation-block\">Eduquemos<br>Honduras<br>child<br>sponsorship project<\/h1>\n<\/div>\n<\/div><\/div><\/div>\n<\/div><\/section><\/div>\n\n\n\n<div class=\"section-wrapper\" data-id=\"DpSC8I\"><section class=\"wp-block-gutenverse-section guten-element guten-section guten-DpSC8I layout-boxed align-stretch overflow-hidden\"><div class=\"guten-background-overlay\"><\/div><div class=\"guten-shape-divider guten-shape-divider-top\"><\/div><div class=\"guten-shape-divider guten-shape-divider-bottom\"><\/div><div class=\"guten-container guten-column-gap-no\">\n<div class=\"wp-block-gutenverse-column guten-element guten-column guten-4Cz44W\"><div class=\"guten-background-overlay\"><\/div><div class=\"sticky-wrapper\" data-id=\"4Cz44W\"><div class=\"guten-column-wrapper\">\n<div class=\"wp-block-group is-content-justification-center is-layout-constrained wp-container-core-group-is-layout-2 wp-block-group-is-layout-constrained\">\n<div class=\"guten-element guten-spacer guten-0E3OQS\"><\/div>\n\n\n\n<p class=\"has-text-align-justify has-normal-font-size\" style=\"padding-top:var(--wp--preset--spacing--40);padding-right:var(--wp--preset--spacing--40);padding-bottom:var(--wp--preset--spacing--40);padding-left:var(--wp--preset--spacing--40)\">The project is structured in the medium and long term to support children of different ages to complete their secondary education and thus ensure that they have at least 14 years of schooling and better options in the labor market. In addition, medical, nutritional, dental and psychological evaluation components are gradually being incorporated because the educational process must be comprehensive.<br>Due to the existing problems in the Honduran educational sector, AGES executes this project for the sponsorship of 60 children, supporting their parents in the purchase of: school supplies, uniforms and other necessary supplies so that the beneficiaries are enrolled, do not have problems during the school year and can be promoted to the next grade.<\/p>\n<\/div>\n\n\n\n<div class=\"wp-block-group is-layout-constrained wp-container-core-group-is-layout-3 wp-block-group-is-layout-constrained\">\n<div class=\"guten-element guten-spacer guten-eK3TXy\"><\/div>\n\n\n\n<h2 class=\"has-text-align-center has-custom-ages-verde-2-color has-text-color wp-block-heading\" style=\"text-transform:uppercase\">Sustainable Development Goals and Objectives<\/h2>\n\n\n\n<div class=\"guten-element guten-client-logo grid-desktop-3 guten-TpV0sB arrow-bottom-edge\"><div class=\"client-list\"><div id=\"guten-TpV0sB\" class=\"swiper-container\" data-loop=\"false\" data-autoplay=\"true\" data-timeout=\"2400\" data-nav=\"false\" data-arrow=\"true\" data-breakpoints=\"{&quot;0&quot;:{&quot;spaceBetween&quot;:10,&quot;slidesPerView&quot;:2},&quot;768&quot;:{&quot;spaceBetween&quot;:10,&quot;slidesPerView&quot;:2},&quot;1024&quot;:{&quot;spaceBetween&quot;:9,&quot;slidesPerView&quot;:1}}\"><div class=\"swiper-wrapper\"><div class=\"swiper-slide image-list\"><div class=\"content-image\"><img decoding=\"async\" class=\"main-image\" src=\"http:\/\/ageshn.org\/wp-content\/uploads\/2023\/03\/S-WEB-Goal-01.png\" alt=\"ODS 1\"\/><img decoding=\"async\" class=\"hover-image\" src=\"http:\/\/ageshn.org\/wp-content\/uploads\/2023\/03\/S-WEB-Goal-01.png\" alt=\"ODS 1\"\/><\/div><\/div><div class=\"swiper-slide image-list\"><div class=\"content-image\"><img decoding=\"async\" class=\"main-image\" src=\"http:\/\/ageshn.org\/wp-content\/uploads\/2023\/03\/S-WEB-Goal-03.png\" alt=\"ODS 3\"\/><img decoding=\"async\" class=\"hover-image\" src=\"http:\/\/ageshn.org\/wp-content\/uploads\/2023\/03\/S-WEB-Goal-03.png\" alt=\"ODS 3\"\/><\/div><\/div><div class=\"swiper-slide image-list\"><div class=\"content-image\"><img decoding=\"async\" class=\"main-image\" src=\"http:\/\/ageshn.org\/wp-content\/uploads\/2023\/03\/S-WEB-Goal-04.png\" alt=\"ODS 4\"\/><img decoding=\"async\" class=\"hover-image\" src=\"http:\/\/ageshn.org\/wp-content\/uploads\/2023\/03\/S-WEB-Goal-04.png\" alt=\"ODS 4\"\/><\/div><\/div><div class=\"swiper-slide image-list\"><div class=\"content-image\"><img decoding=\"async\" class=\"main-image\" src=\"http:\/\/ageshn.org\/wp-content\/uploads\/2023\/03\/S-WEB-Goal-05.png\" alt=\"ODS 5\"\/><img decoding=\"async\" class=\"hover-image\" src=\"http:\/\/ageshn.org\/wp-content\/uploads\/2023\/03\/S-WEB-Goal-05.png\" alt=\"ODS 5\"\/><\/div><\/div><div class=\"swiper-slide image-list\"><div class=\"content-image\"><img decoding=\"async\" class=\"main-image\" src=\"http:\/\/ageshn.org\/wp-content\/uploads\/2023\/03\/S-WEB-Goal-08.png\" alt=\"ODS 8\"\/><img decoding=\"async\" class=\"hover-image\" src=\"http:\/\/ageshn.org\/wp-content\/uploads\/2023\/03\/S-WEB-Goal-08.png\" alt=\"ODS 8\"\/><\/div><\/div><div class=\"swiper-slide image-list\"><div class=\"content-image\"><img decoding=\"async\" class=\"main-image\" src=\"http:\/\/ageshn.org\/wp-content\/uploads\/2023\/03\/S-WEB-Goal-10.png\" alt=\"ODS 10\"\/><img decoding=\"async\" class=\"hover-image\" src=\"http:\/\/ageshn.org\/wp-content\/uploads\/2023\/03\/S-WEB-Goal-10.png\" alt=\"ODS 10\"\/><\/div><\/div><\/div><div class=\"swiper-button-prev\"><\/div><div class=\"swiper-button-next\"><\/div><\/div><\/div><\/div>\n<\/div>\n\n\n\n<div class=\"wp-block-group is-layout-constrained wp-container-core-group-is-layout-4 wp-block-group-is-layout-constrained\">\n<div class=\"guten-element guten-spacer guten-CD4Z7j\"><\/div>\n\n\n\n<h2 class=\"wp-block-heading has-text-align-center has-custom-ages-verde-1-color has-text-color\" style=\"text-transform:uppercase\">General objective<\/h2>\n\n\n\n<p class=\"has-text-align-justify has-zeever-third-color has-text-color has-normal-font-size\" style=\"padding-top:var(--wp--preset--spacing--40);padding-right:var(--wp--preset--spacing--40);padding-bottom:var(--wp--preset--spacing--40);padding-left:var(--wp--preset--spacing--40)\">Concretar los fondos necesarios para el apadrinamiento de los 60 ni\u00f1os del proyecto que permita gestionar los \u00fatiles escolares y dem\u00e1s insumos necesarios para que los ni\u00f1os beneficiados se matriculen, no tengan inconvenientes durante el a\u00f1o lectivo y puedan ser promovidos al siguiente grado.<\/p>\n<\/div>\n\n\n\n<div class=\"wp-block-group is-layout-constrained wp-container-core-group-is-layout-5 wp-block-group-is-layout-constrained\">\n<div class=\"guten-element guten-spacer guten-soZdNR\"><\/div>\n\n\n\n<h2 class=\"wp-block-heading has-text-align-center has-custom-ages-verde-1-color has-text-color\">SPECIFIC OBJECTIVES<\/h2>\n\n\n\n<p class=\"has-text-align-justify has-normal-font-size\" style=\"padding-top:var(--wp--preset--spacing--40);padding-right:var(--wp--preset--spacing--40);padding-bottom:var(--wp--preset--spacing--40);padding-left:var(--wp--preset--spacing--40)\">1. Manage funds for the purchase of supplies so that the 60 children benefited by the project: attend, remain and finish the school year they are entitled to and be promoted to the next grade.<br><\/p>\n\n\n\n<p class=\"has-text-align-justify has-normal-font-size\" style=\"padding-top:var(--wp--preset--spacing--40);padding-right:var(--wp--preset--spacing--40);padding-bottom:var(--wp--preset--spacing--40);padding-left:var(--wp--preset--spacing--40)\">2. To ensure that the fathers, mothers and\/or guardians of the 60 sponsored children observe the fulfillment of the commitment made with AGES, taking into consideration the provisions of the various declarations and conventions on Human Rights and Children's Rights.<\/p>\n\n\n\n<p class=\"has-text-align-justify has-normal-font-size\" style=\"padding-top:var(--wp--preset--spacing--40);padding-right:var(--wp--preset--spacing--40);padding-bottom:var(--wp--preset--spacing--40);padding-left:var(--wp--preset--spacing--40)\"><br>3. Promote a fluid relationship between fathers, mothers and\/or legal guardians of the children and the AGES work team through the School for Parents and other extracurricular activities in order to achieve a comprehensive support for the children.<\/p>\n\n\n\n<p class=\"has-text-align-justify has-normal-font-size\" style=\"padding-top:var(--wp--preset--spacing--40);padding-right:var(--wp--preset--spacing--40);padding-bottom:var(--wp--preset--spacing--40);padding-left:var(--wp--preset--spacing--40)\"><br>4. Establish a work methodology together with the parents and\/or guardians that will allow the 60 children to maintain a sustained improvement in their educational process and thus increase the options of better jobs when they join the PEA.<\/p>\n<\/div>\n\n\n\n<div class=\"wp-block-group is-layout-constrained wp-container-core-group-is-layout-6 wp-block-group-is-layout-constrained\">\n<div class=\"guten-element guten-spacer guten-uf4jzK\"><\/div>\n\n\n\n<h2 class=\"wp-block-heading has-text-align-center has-custom-ages-verde-1-color has-text-color\" style=\"text-transform:uppercase\">What we do?<\/h2>\n\n\n\n<p class=\"has-text-align-justify has-normal-font-size\" style=\"margin-top:0;margin-right:0;margin-bottom:0;margin-left:0;padding-top:var(--wp--preset--spacing--40);padding-right:var(--wp--preset--spacing--40);padding-bottom:var(--wp--preset--spacing--40);padding-left:var(--wp--preset--spacing--40)\">\"Eduquemos Honduras\" child sponsorship project, since 2018 serves 60 children per year. 7 girls have graduated so far.<br>In this project we have provided medical care to the beneficiary children and nuclear families: nutritional care and psychological evaluations. We have also arranged for clothing and food packages to be donated to each family, especially during the Sars-Cov-2 pandemic in 2020 and 2021.<br>So far, more than 90 children have passed through this project.<\/p>\n<\/div>\n<\/div><\/div><\/div>\n<\/div><\/section><\/div>\n\n\n\n<div class=\"section-wrapper\" data-id=\"pRvDeD\"><section class=\"wp-block-gutenverse-section guten-element guten-section guten-pRvDeD layout-fullwidth align-stretch\"><div class=\"guten-background-overlay\"><\/div><div class=\"guten-shape-divider guten-shape-divider-top\"><\/div><div class=\"guten-shape-divider guten-shape-divider-bottom\"><\/div><div class=\"guten-container guten-column-gap-default\">\n<div class=\"wp-block-gutenverse-column guten-element guten-column guten-370Dag\"><div class=\"guten-background-overlay\"><\/div><div class=\"sticky-wrapper\" data-id=\"370Dag\"><div class=\"guten-column-wrapper\">\n<div class=\"guten-element guten-spacer guten-oVt6ge\"><\/div>\n\n\n\n<div class=\"wp-block-group is-vertical is-content-justification-center is-layout-flex wp-container-core-group-is-layout-8 wp-block-group-is-layout-flex\">\n<h2 class=\"wp-block-heading has-text-align-center has-custom-ages-verde-1-color has-text-color\" style=\"text-transform:uppercase\">our work in pictures<\/h2>\n\n\n\n<div class=\"wp-block-group is-layout-constrained wp-container-core-group-is-layout-7 wp-block-group-is-layout-constrained\">\n<div class=\"guten-element guten-client-logo grid-desktop-3 guten-hZBm47 arrow-bottom-edge\"><div class=\"client-list\"><div id=\"guten-hZBm47\" class=\"swiper-container\" data-loop=\"false\" data-autoplay=\"true\" data-timeout=\"2400\" data-nav=\"false\" data-arrow=\"true\" data-breakpoints=\"{&quot;0&quot;:{&quot;spaceBetween&quot;:10,&quot;slidesPerView&quot;:2},&quot;768&quot;:{&quot;spaceBetween&quot;:10,&quot;slidesPerView&quot;:2},&quot;1024&quot;:{&quot;spaceBetween&quot;:8,&quot;slidesPerView&quot;:1}}\"><div class=\"swiper-wrapper\"><div class=\"swiper-slide image-list\"><div class=\"content-image\"><img decoding=\"async\" class=\"main-image\" src=\"http:\/\/ageshn.org\/wp-content\/uploads\/2023\/03\/IMG_0099-scaled.jpg\" alt=\"Foto AGES 1\"\/><img decoding=\"async\" class=\"hover-image\" src=\"http:\/\/ageshn.org\/wp-content\/uploads\/2023\/03\/IMG_0099-scaled.jpg\" alt=\"Foto AGES 1\"\/><\/div><\/div><div class=\"swiper-slide image-list\"><div class=\"content-image\"><img decoding=\"async\" class=\"main-image\" src=\"http:\/\/ageshn.org\/wp-content\/uploads\/2023\/03\/IMG_0101-scaled.jpg\" alt=\"Foto AGES 2\"\/><img decoding=\"async\" class=\"hover-image\" src=\"http:\/\/ageshn.org\/wp-content\/uploads\/2023\/03\/IMG_0101-scaled.jpg\" alt=\"Foto AGES 2\"\/><\/div><\/div><div class=\"swiper-slide image-list\"><div class=\"content-image\"><img decoding=\"async\" class=\"main-image\" src=\"http:\/\/ageshn.org\/wp-content\/uploads\/2023\/03\/IMG_0137-scaled.jpg\" alt=\"Foto AGES 3\"\/><img decoding=\"async\" class=\"hover-image\" src=\"http:\/\/ageshn.org\/wp-content\/uploads\/2023\/03\/IMG_0137-scaled.jpg\" alt=\"Foto AGES 3\"\/><\/div><\/div><div class=\"swiper-slide image-list\"><div class=\"content-image\"><img decoding=\"async\" class=\"main-image\" src=\"http:\/\/ageshn.org\/wp-content\/uploads\/2023\/03\/IMG_1499-scaled.jpg\" alt=\"Foto AGES 4\"\/><img decoding=\"async\" class=\"hover-image\" src=\"http:\/\/ageshn.org\/wp-content\/uploads\/2023\/03\/IMG_1499-scaled.jpg\" alt=\"Foto AGES 4\"\/><\/div><\/div><div class=\"swiper-slide image-list\"><div class=\"content-image\"><img decoding=\"async\" class=\"main-image\" src=\"http:\/\/ageshn.org\/wp-content\/uploads\/2023\/03\/IMG_2730-scaled.jpg\" alt=\"Foto AGES 5\"\/><img decoding=\"async\" class=\"hover-image\" src=\"http:\/\/ageshn.org\/wp-content\/uploads\/2023\/03\/IMG_2730-scaled.jpg\" alt=\"Foto AGES 5\"\/><\/div><\/div><div class=\"swiper-slide image-list\"><div class=\"content-image\"><img decoding=\"async\" class=\"main-image\" src=\"http:\/\/ageshn.org\/wp-content\/uploads\/2023\/03\/IMG_2862-scaled.jpg\" alt=\"Foto AGES6\"\/><img decoding=\"async\" class=\"hover-image\" src=\"http:\/\/ageshn.org\/wp-content\/uploads\/2023\/03\/IMG_2862-scaled.jpg\" alt=\"Foto AGES6\"\/><\/div><\/div><\/div><div class=\"swiper-button-prev\"><\/div><div class=\"swiper-button-next\"><\/div><\/div><\/div><\/div>\n<\/div>\n<\/div>\n<\/div><\/div><\/div>\n<\/div><\/section><\/div>\n\n\n\n<div class=\"wp-block-group is-content-justification-center is-layout-constrained wp-container-core-group-is-layout-9 wp-block-group-is-layout-constrained\">\n<div class=\"guten-element guten-spacer guten-UDUbda\"><\/div>\n\n\n\n<h1 class=\"wp-block-heading has-text-align-center has-custom-ages-naranja-1-color has-text-color\" style=\"text-transform:uppercase\">Sponsor a child<\/h1>\n\n\n\n<h2 class=\"wp-block-heading has-text-align-center has-custom-ages-verde-1-color has-text-color\" style=\"text-transform:uppercase\">How can you help?<\/h2>\n\n\n\n<div class=\"wp-block-buttons is-content-justification-center is-layout-flex wp-container-core-buttons-is-layout-1 wp-block-buttons-is-layout-flex\">\n<div class=\"wp-block-button has-custom-width wp-block-button__width-50 is-style-fill\" style=\"text-transform:uppercase\"><a class=\"wp-block-button__link has-zeever-primary-color has-bzr-tr-t-background-color has-text-color has-background wp-element-button\" href=\"https:\/\/yomeuno.com\/honduras\/organizaciones\/asociacion-gozo-y-esperanza-ages\" style=\"border-radius:0px\" rel=\"https:\/\/yomeuno.com\/honduras\/organizaciones\/ongd-asociacion-gozo-y-esperanza-ages\">Donate<\/a><\/div>\n<\/div>\n\n\n\n<div class=\"guten-element guten-spacer guten-FRUaTo\"><\/div>\n<\/div>","protected":false},"excerpt":{"rendered":"<p>Apadrina un ni\u00f1o \u00bfC\u00f3mo lo puedes hacer?<\/p>","protected":false},"author":1,"featured_media":0,"parent":0,"menu_order":0,"comment_status":"closed","ping_status":"closed","template":"wp-custom-template-inixio","meta":{"footnotes":""},"class_list":["post-129","page","type-page","status-publish","hentry"],"jetpack_sharing_enabled":true,"_links":{"self":[{"href":"https:\/\/ageshn.org\/en\/wp-json\/wp\/v2\/pages\/129"}],"collection":[{"href":"https:\/\/ageshn.org\/en\/wp-json\/wp\/v2\/pages"}],"about":[{"href":"https:\/\/ageshn.org\/en\/wp-json\/wp\/v2\/types\/page"}],"author":[{"embeddable":true,"href":"https:\/\/ageshn.org\/en\/wp-json\/wp\/v2\/users\/1"}],"replies":[{"embeddable":true,"href":"https:\/\/ageshn.org\/en\/wp-json\/wp\/v2\/comments?post=129"}],"version-history":[{"count":43,"href":"https:\/\/ageshn.org\/en\/wp-json\/wp\/v2\/pages\/129\/revisions"}],"predecessor-version":[{"id":1124,"href":"https:\/\/ageshn.org\/en\/wp-json\/wp\/v2\/pages\/129\/revisions\/1124"}],"wp:attachment":[{"href":"https:\/\/ageshn.org\/en\/wp-json\/wp\/v2\/media?parent=129"}],"curies":[{"name":"wp","href":"https:\/\/api.w.org\/{rel}","templated":true}]}}