{"id":123,"date":"2023-02-17T16:41:50","date_gmt":"2023-02-17T22:41:50","guid":{"rendered":"https:\/\/ageshn.org\/?page_id=123"},"modified":"2024-07-18T16:25:17","modified_gmt":"2024-07-18T22:25:17","slug":"informacion-general","status":"publish","type":"page","link":"https:\/\/ageshn.org\/en\/informacion-general\/","title":{"rendered":"General Info"},"content":{"rendered":"<div class=\"section-wrapper\" data-id=\"5MFAMw\"><section class=\"wp-block-gutenverse-section guten-element guten-section guten-5MFAMw layout-fullwidth align-stretch overflow-hidden\"><div class=\"guten-background-overlay\"><\/div><div class=\"guten-shape-divider guten-shape-divider-top\"><\/div><div class=\"guten-shape-divider guten-shape-divider-bottom\"><\/div><div class=\"guten-container guten-column-gap-wide\">\n<div class=\"wp-block-gutenverse-column guten-element guten-column guten-vEYFFX\"><div class=\"guten-background-overlay\"><\/div><div class=\"sticky-wrapper\" data-id=\"vEYFFX\"><div class=\"guten-column-wrapper\">\n<div class=\"wp-block-group is-vertical is-content-justification-center is-layout-flex wp-container-core-group-is-layout-1 wp-block-group-is-layout-flex\">\n<div class=\"wp-block-gutenverse-image guten-element guten-image guten-VbRdAC\"><a class=\"guten-image-wrapper\" href=\"\/en\/\"><img loading=\"lazy\" decoding=\"async\" class=\"gutenverse-image-box-filled\" src=\"http:\/\/ageshn.org\/wp-content\/uploads\/2023\/03\/imagotipo_700.png\" height=\"795\" width=\"700\"\/><\/a><\/div>\n\n\n\n<h1 class=\"wp-block-gutenverse-heading guten-element guten-ecHyyw\">About Us<\/h1>\n<\/div>\n<\/div><\/div><\/div>\n<\/div><\/section><\/div>\n\n\n\n<div class=\"guten-element guten-spacer guten-uVdpbp\"><\/div>\n\n\n\n<div class=\"section-wrapper\" data-id=\"T8Z3Q1\"><section class=\"wp-block-gutenverse-section guten-element guten-section guten-T8Z3Q1 layout-boxed align-stretch overflow-hidden\"><div class=\"guten-background-overlay\"><\/div><div class=\"guten-shape-divider guten-shape-divider-top\"><\/div><div class=\"guten-shape-divider guten-shape-divider-bottom\"><\/div><div class=\"guten-container guten-column-gap-no\">\n<div class=\"wp-block-gutenverse-column guten-element guten-column guten-DBAsle\"><div class=\"guten-background-overlay\"><\/div><div class=\"sticky-wrapper\" data-id=\"DBAsle\"><div class=\"guten-column-wrapper\">\n<div class=\"wp-block-group is-content-justification-center is-layout-constrained wp-container-core-group-is-layout-2 wp-block-group-is-layout-constrained\">\n<div class=\"guten-element guten-spacer guten-M8sPaN\"><\/div>\n\n\n\n<h2 class=\"has-text-align-center has-custom-ages-verde-1-color has-text-color wp-block-heading\" style=\"text-transform:uppercase\">MISSION<\/h2>\n\n\n\n<p class=\"has-text-align-justify has-zeever-third-color has-text-color has-normal-font-size\">Plan and execute social projects that generates opportunities to improve the structural living conditions of the beneficiaries and to contribute building a fair, equitable and resilient Honduran society as citizens,<\/p>\n<\/div>\n\n\n\n<div class=\"wp-block-group is-content-justification-center is-layout-constrained wp-container-core-group-is-layout-3 wp-block-group-is-layout-constrained\">\n<div class=\"guten-element guten-spacer guten-uyXcIY\"><\/div>\n\n\n\n<h2 class=\"has-text-align-center has-custom-ages-verde-1-color has-text-color wp-block-heading\" style=\"text-transform:uppercase\">VISION<\/h2>\n\n\n\n<p class=\"has-text-align-justify has-zeever-third-color has-text-color has-normal-font-size\">In the next three year, AGES will build a world class organization in the execution of social projects that improve the structural living conditions of the beneficiaries and thus build a just, equitable and resilient Honduran society.<\/p>\n<\/div>\n<\/div><\/div><\/div>\n<\/div><\/section><\/div>\n\n\n\n<div class=\"wp-block-group is-style-default is-content-justification-center is-layout-constrained wp-container-core-group-is-layout-5 wp-block-group-is-layout-constrained\">\n<div class=\"guten-element guten-spacer guten-fbD5Yg\"><\/div>\n\n\n\n<h2 class=\"has-text-align-center has-custom-ages-verde-1-color has-text-color wp-block-heading\" style=\"text-transform:uppercase\">VALORES<\/h2>\n\n\n\n<p class=\"has-text-align-center has-normal-font-size translation-block\">Solidarity<br>Equity<br>Commitment<br>Respect<br>Integrity<br>Transparency<br>Service<\/p>\n\n\n\n<div class=\"wp-block-group is-layout-constrained wp-container-core-group-is-layout-4 wp-block-group-is-layout-constrained\">\n<div class=\"guten-element guten-spacer guten-eK3TXy\"><\/div>\n\n\n\n<h2 class=\"has-text-align-center has-custom-ages-verde-2-color has-text-color wp-block-heading\" style=\"text-transform:uppercase\">Sustainable Development Goals and Objectives<\/h2>\n\n\n\n<div class=\"guten-element guten-client-logo grid-desktop-3 guten-TpV0sB arrow-bottom-edge\"><div class=\"client-list\"><div id=\"guten-TpV0sB\" class=\"swiper-container\" data-loop=\"false\" data-autoplay=\"true\" data-timeout=\"2400\" data-nav=\"false\" data-arrow=\"true\" data-breakpoints=\"{&quot;0&quot;:{&quot;spaceBetween&quot;:10,&quot;slidesPerView&quot;:2},&quot;768&quot;:{&quot;spaceBetween&quot;:10,&quot;slidesPerView&quot;:2},&quot;1024&quot;:{&quot;spaceBetween&quot;:9,&quot;slidesPerView&quot;:1}}\"><div class=\"swiper-wrapper\"><div class=\"swiper-slide image-list\"><div class=\"content-image\"><img decoding=\"async\" class=\"main-image\" src=\"http:\/\/ageshn.org\/wp-content\/uploads\/2023\/03\/S-WEB-Goal-01.png\" alt=\"ODS 1\"\/><img decoding=\"async\" class=\"hover-image\" src=\"http:\/\/ageshn.org\/wp-content\/uploads\/2023\/03\/S-WEB-Goal-01.png\" alt=\"ODS 1\"\/><\/div><\/div><div class=\"swiper-slide image-list\"><div class=\"content-image\"><img decoding=\"async\" class=\"main-image\" src=\"http:\/\/ageshn.org\/wp-content\/uploads\/2023\/03\/S-WEB-Goal-03.png\" alt=\"ODS 3\"\/><img decoding=\"async\" class=\"hover-image\" src=\"http:\/\/ageshn.org\/wp-content\/uploads\/2023\/03\/S-WEB-Goal-03.png\" alt=\"ODS 3\"\/><\/div><\/div><div class=\"swiper-slide image-list\"><div class=\"content-image\"><img decoding=\"async\" class=\"main-image\" src=\"http:\/\/ageshn.org\/wp-content\/uploads\/2023\/03\/S-WEB-Goal-04.png\" alt=\"ODS 4\"\/><img decoding=\"async\" class=\"hover-image\" src=\"http:\/\/ageshn.org\/wp-content\/uploads\/2023\/03\/S-WEB-Goal-04.png\" alt=\"ODS 4\"\/><\/div><\/div><div class=\"swiper-slide image-list\"><div class=\"content-image\"><img decoding=\"async\" class=\"main-image\" src=\"http:\/\/ageshn.org\/wp-content\/uploads\/2023\/03\/S-WEB-Goal-05.png\" alt=\"ODS 5\"\/><img decoding=\"async\" class=\"hover-image\" src=\"http:\/\/ageshn.org\/wp-content\/uploads\/2023\/03\/S-WEB-Goal-05.png\" alt=\"ODS 5\"\/><\/div><\/div><div class=\"swiper-slide image-list\"><div class=\"content-image\"><img decoding=\"async\" class=\"main-image\" src=\"http:\/\/ageshn.org\/wp-content\/uploads\/2023\/03\/S-WEB-Goal-08.png\" alt=\"ODS 8\"\/><img decoding=\"async\" class=\"hover-image\" src=\"http:\/\/ageshn.org\/wp-content\/uploads\/2023\/03\/S-WEB-Goal-08.png\" alt=\"ODS 8\"\/><\/div><\/div><div class=\"swiper-slide image-list\"><div class=\"content-image\"><img decoding=\"async\" class=\"main-image\" src=\"http:\/\/ageshn.org\/wp-content\/uploads\/2023\/03\/S-WEB-Goal-10.png\" alt=\"ODS 10\"\/><img decoding=\"async\" class=\"hover-image\" src=\"http:\/\/ageshn.org\/wp-content\/uploads\/2023\/03\/S-WEB-Goal-10.png\" alt=\"ODS 10\"\/><\/div><\/div><\/div><div class=\"swiper-button-prev\"><\/div><div class=\"swiper-button-next\"><\/div><\/div><\/div><\/div>\n<\/div>\n<\/div>\n\n\n\n<div class=\"section-wrapper\" data-id=\"csCyIQ\"><section class=\"wp-block-gutenverse-section guten-element guten-section guten-csCyIQ layout-boxed align-stretch overflow-hidden\"><div class=\"guten-background-overlay\"><\/div><div class=\"guten-shape-divider guten-shape-divider-top\"><\/div><div class=\"guten-shape-divider guten-shape-divider-bottom\"><\/div><div class=\"guten-container guten-column-gap-no\">\n<div class=\"wp-block-gutenverse-column guten-element guten-column guten-3GUbJV\"><div class=\"guten-background-overlay\"><\/div><div class=\"sticky-wrapper\" data-id=\"3GUbJV\"><div class=\"guten-column-wrapper\">\n<div class=\"wp-block-group is-content-justification-center is-layout-constrained wp-container-core-group-is-layout-6 wp-block-group-is-layout-constrained\">\n<div class=\"guten-element guten-spacer guten-aoR2At\"><\/div>\n\n\n\n<h1 class=\"has-text-align-center has-luminous-vivid-amber-color has-text-color wp-block-heading\" style=\"text-transform:uppercase\">Objectives<\/h1>\n\n\n\n<p class=\"has-text-align-justify has-zeever-third-color has-text-color has-normal-font-size\">In this strategic planning, objectives were determined that will govern the general work of AGES and strategic objectives that will help in the evaluation and monitoring at the end of the second year to verify the percentage of compliance.<\/p>\n<\/div>\n\n\n\n<div class=\"wp-block-group is-content-justification-center is-layout-constrained wp-container-core-group-is-layout-7 wp-block-group-is-layout-constrained\">\n<div class=\"guten-element guten-spacer guten-ebqNgy\"><\/div>\n\n\n\n<h2 class=\"has-text-align-center has-custom-ages-verde-1-color has-text-color wp-block-heading\" style=\"text-transform:uppercase\">General<\/h2>\n\n\n\n<p class=\"has-text-align-justify has-zeever-third-color has-text-color has-normal-font-size\">To formulate, manage and execute integral development projects that improve the structural living conditions of the beneficiary population and thereby build a just, equitable and resilient Honduran society.<\/p>\n<\/div>\n\n\n\n<div class=\"wp-block-group is-content-justification-center is-layout-constrained wp-container-core-group-is-layout-8 wp-block-group-is-layout-constrained\">\n<div class=\"guten-element guten-spacer guten-0U7mNr\"><\/div>\n\n\n\n<h2 class=\"has-text-align-center has-custom-ages-verde-1-color has-text-color wp-block-heading\" style=\"text-transform:uppercase\">Specific<\/h2>\n\n\n\n<p class=\"has-text-align-justify has-normal-font-size\">1. Manage the necessary funds for the sponsorship of 60 children to consolidate the project and increase the number of sponsored children by 20 to reach 100 children by 2025.<br>2. To initiate the formative process of the School for Fathers, Mothers and\/or Guardians focused on the awareness of the importance of their participation in the educational process of their children. In addition, help them in acquiring new skills that will allow them to find better job options.<br>3. Establish strategic alliances that allow the development of basic medical, dental, nutritional and psychological evaluations to build a database with the information of each household and seek new options for assistance.<br>4. Build a solid technological base in the Technological Classroom and Mobile Library (ATyBM) project to strengthen the five cross-cutting areas (reading and writing, mathematics, technology, languages and art\/sports) and thus ensure that all children who receive courses\/workshops acquire new skills that will allow them better employment options when they join the Economically Active Population (EAP).<br>5. Establish solid strategic alliances that allow the consolidation of courses, workshops and training activities that position the ATyBM project as a priority for the beneficiary families so that their children can acquire new skills.<br>6. Armar una biblioteca con 350 libros f\u00edsicos para formar en los ni\u00f1os beneficiados el h\u00e1bito de la lectura y con esto fortalecer las habilidades de lectura, escritura, comprensi\u00f3n y expresi\u00f3n oral.<\/p>\n<\/div>\n\n\n\n<div class=\"wp-block-group is-content-justification-center is-layout-constrained wp-container-core-group-is-layout-9 wp-block-group-is-layout-constrained\">\n<div class=\"guten-element guten-spacer guten-u41fjR\"><\/div>\n\n\n\n<h2 class=\"has-text-align-center has-custom-ages-verde-1-color has-text-color wp-block-heading\" style=\"text-transform:uppercase\">Our impact<\/h2>\n\n\n\n<figure class=\"wp-block-image size-full\"><img loading=\"lazy\" decoding=\"async\" width=\"512\" height=\"1280\" src=\"http:\/\/ageshn.org\/wp-content\/uploads\/2023\/03\/WhatsApp-Image-2023-02-23-at-18.35.09.jpeg\" alt=\"\" class=\"wp-image-533\" srcset=\"https:\/\/ageshn.org\/wp-content\/uploads\/2023\/03\/WhatsApp-Image-2023-02-23-at-18.35.09.jpeg 512w, https:\/\/ageshn.org\/wp-content\/uploads\/2023\/03\/WhatsApp-Image-2023-02-23-at-18.35.09-5x12.jpeg 5w\" sizes=\"(max-width: 512px) 100vw, 512px\" \/><\/figure>\n\n\n\n<h2 class=\"has-text-align-center has-custom-ages-verde-1-color has-text-color wp-block-heading\" style=\"text-transform:uppercase\">Investing in<br>Hondurans' future<\/h2>\n\n\n\n<div class=\"guten-element guten-spacer guten-TUMLt4\"><\/div>\n<\/div>\n<\/div><\/div><\/div>\n<\/div><\/section><\/div>","protected":false},"excerpt":{"rendered":"<p>VALORES SolidaridadEquidadCompromisoRespetoIntegridadTransparenciaServicio<\/p>","protected":false},"author":1,"featured_media":0,"parent":0,"menu_order":0,"comment_status":"closed","ping_status":"closed","template":"wp-custom-template-inixio","meta":{"footnotes":""},"class_list":["post-123","page","type-page","status-publish","hentry"],"jetpack_sharing_enabled":true,"_links":{"self":[{"href":"https:\/\/ageshn.org\/en\/wp-json\/wp\/v2\/pages\/123"}],"collection":[{"href":"https:\/\/ageshn.org\/en\/wp-json\/wp\/v2\/pages"}],"about":[{"href":"https:\/\/ageshn.org\/en\/wp-json\/wp\/v2\/types\/page"}],"author":[{"embeddable":true,"href":"https:\/\/ageshn.org\/en\/wp-json\/wp\/v2\/users\/1"}],"replies":[{"embeddable":true,"href":"https:\/\/ageshn.org\/en\/wp-json\/wp\/v2\/comments?post=123"}],"version-history":[{"count":66,"href":"https:\/\/ageshn.org\/en\/wp-json\/wp\/v2\/pages\/123\/revisions"}],"predecessor-version":[{"id":841,"href":"https:\/\/ageshn.org\/en\/wp-json\/wp\/v2\/pages\/123\/revisions\/841"}],"wp:attachment":[{"href":"https:\/\/ageshn.org\/en\/wp-json\/wp\/v2\/media?parent=123"}],"curies":[{"name":"wp","href":"https:\/\/api.w.org\/{rel}","templated":true}]}}